{"id":252,"date":"2022-07-27T13:09:50","date_gmt":"2022-07-27T13:09:50","guid":{"rendered":"https:\/\/annazaragoza.com\/nota-legal\/"},"modified":"2022-09-01T06:50:27","modified_gmt":"2022-09-01T06:50:27","slug":"nota-legal","status":"publish","type":"page","link":"https:\/\/annazaragoza.com\/ca\/nota-legal\/","title":{"rendered":"Nota legal"},"content":{"rendered":"\n<p><strong>Dades fiscals<\/strong><\/p>\n\n\n\n<ul class=\"wp-block-list\"><li>Titular: Anna Zaragoza SL<\/li><li>NIF: B67947291<\/li><li>Adre\u00e7a: Via Augusta 48, Entl. 6a 08006 \u2014 Barcelona<\/li><li>Tel\u00e8fon:&nbsp;935 32 55 95<\/li><\/ul>\n\n\n\n<p>Inscrita en el Registre Mercantil de BARCELONA Tom: 48269, Foli: 125, Secci\u00f3: 8, Fulla: 578151, Inscripci\u00f3: 1.<\/p>\n\n\n\n<h2 class=\"wp-block-heading\"><strong>Protecci\u00f3 de dades personals<\/strong><\/h2>\n\n\n\n<p>Les dades de car\u00e0cter personal que es recullen a trav\u00e9s de la p\u00e0gina web, s\u00f3n \u00fanicament utilitzats a l'efecte de prestar els serveis sol\u00b7licitats aix\u00ed com procedir a la facturaci\u00f3 d'aquests. Les seves dades seran situades en fitxers titularitat d'Anna Zaragoza SL i seran arxivats pel per\u00edode de temps legalment necessari. Vost\u00e8 podr\u00e0 exercir els drets d'acc\u00e9s, rectificaci\u00f3, cancel\u00b7laci\u00f3 i oposici\u00f3 per escrit a <a href=\"mailto:info@annazaragoza.com\">info@annazaragoza.com<\/a><\/p>\n\n\n\n<h2 class=\"wp-block-heading\"><strong>Propietat intel\u00b7lectual i responsabilitat sobre els continguts<\/strong><\/h2>\n\n\n\n<p>Queda prohibit qualsevol \u00fas de tots els continguts de la p\u00e0gina web, concretament sobre els textos, disseny i codi font, sense l'autoritzaci\u00f3 expressa dels seus titulars. Qualsevol \u00fas no perm\u00e8s ser\u00e0 degudament perseguit pels leg\u00edtims propietaris.<\/p>\n\n\n\n<p>El titular de la p\u00e0gina web no es fa responsable dels continguts als quals es dirigeixen els enlla\u00e7os situats en aquesta, segons el que estableix l'article 17 de la LSSICE.<\/p>\n","protected":false},"excerpt":{"rendered":"<p>Dades fiscals Titular: Anna Zaragoza SL NIF: B67947291 Adre\u00e7a: Via Augusta 48, Entl. 6a 08006 \u2014 Barcelona Tel\u00e8fon:&nbsp;935 32 55 95 Inscrita en el Registre Mercantil de BARCELONA Tom: 48269, Foli: 125, Secci\u00f3: 8, Fulla: 578151, Inscripci\u00f3: 1. Protecci\u00f3 de dades personals Les dades de car\u00e0cter personal que es recullen a trav\u00e9s de la p\u00e0gina [&hellip;]<\/p>\n","protected":false},"author":2,"featured_media":0,"parent":0,"menu_order":0,"comment_status":"closed","ping_status":"closed","template":"","meta":{"_acf_changed":false,"footnotes":""},"class_list":["post-252","page","type-page","status-publish","hentry"],"acf":[],"yoast_head":"<!-- This site is optimized with the Yoast SEO plugin v26.0 - https:\/\/yoast.com\/wordpress\/plugins\/seo\/ -->\n<title>Nota legal - Anna Zaragoza<\/title>\n<meta name=\"robots\" content=\"index, follow, max-snippet:-1, max-image-preview:large, max-video-preview:-1\" \/>\n<link rel=\"canonical\" href=\"https:\/\/annazaragoza.com\/ca\/nota-legal\/\" \/>\n<meta property=\"og:locale\" content=\"ca_ES\" \/>\n<meta property=\"og:type\" content=\"article\" \/>\n<meta property=\"og:title\" content=\"Nota legal - Anna Zaragoza\" \/>\n<meta property=\"og:description\" content=\"Dades fiscals Titular: Anna Zaragoza SL NIF: B67947291 Adre\u00e7a: Via Augusta 48, Entl. 6a 08006 \u2014 Barcelona Tel\u00e8fon:&nbsp;935 32 55 95 Inscrita en el Registre Mercantil de BARCELONA Tom: 48269, Foli: 125, Secci\u00f3: 8, Fulla: 578151, Inscripci\u00f3: 1. Protecci\u00f3 de dades personals Les dades de car\u00e0cter personal que es recullen a trav\u00e9s de la p\u00e0gina [&hellip;]\" \/>\n<meta property=\"og:url\" content=\"https:\/\/annazaragoza.com\/ca\/nota-legal\/\" \/>\n<meta property=\"og:site_name\" content=\"Anna Zaragoza\" \/>\n<meta property=\"article:modified_time\" content=\"2022-09-01T06:50:27+00:00\" \/>\n<meta name=\"twitter:card\" content=\"summary_large_image\" \/>\n<meta name=\"twitter:label1\" content=\"Temps estimat de lectura\" \/>\n\t<meta name=\"twitter:data1\" content=\"1 minut\" \/>\n<script type=\"application\/ld+json\" class=\"yoast-schema-graph\">{\"@context\":\"https:\/\/schema.org\",\"@graph\":[{\"@type\":\"WebPage\",\"@id\":\"https:\/\/annazaragoza.com\/ca\/nota-legal\/\",\"url\":\"https:\/\/annazaragoza.com\/ca\/nota-legal\/\",\"name\":\"Nota legal - Anna Zaragoza\",\"isPartOf\":{\"@id\":\"https:\/\/annazaragoza.com\/ca\/#website\"},\"datePublished\":\"2022-07-27T13:09:50+00:00\",\"dateModified\":\"2022-09-01T06:50:27+00:00\",\"breadcrumb\":{\"@id\":\"https:\/\/annazaragoza.com\/ca\/nota-legal\/#breadcrumb\"},\"inLanguage\":\"ca\",\"potentialAction\":[{\"@type\":\"ReadAction\",\"target\":[\"https:\/\/annazaragoza.com\/ca\/nota-legal\/\"]}]},{\"@type\":\"BreadcrumbList\",\"@id\":\"https:\/\/annazaragoza.com\/ca\/nota-legal\/#breadcrumb\",\"itemListElement\":[{\"@type\":\"ListItem\",\"position\":1,\"name\":\"Portada\",\"item\":\"https:\/\/annazaragoza.com\/ca\/\"},{\"@type\":\"ListItem\",\"position\":2,\"name\":\"Nota legal\"}]},{\"@type\":\"WebSite\",\"@id\":\"https:\/\/annazaragoza.com\/ca\/#website\",\"url\":\"https:\/\/annazaragoza.com\/ca\/\",\"name\":\"Anna Zaragoza\",\"description\":\"Anna Zaragoza abogada en Barcelona\",\"publisher\":{\"@id\":\"https:\/\/annazaragoza.com\/ca\/#organization\"},\"potentialAction\":[{\"@type\":\"SearchAction\",\"target\":{\"@type\":\"EntryPoint\",\"urlTemplate\":\"https:\/\/annazaragoza.com\/ca\/?s={search_term_string}\"},\"query-input\":{\"@type\":\"PropertyValueSpecification\",\"valueRequired\":true,\"valueName\":\"search_term_string\"}}],\"inLanguage\":\"ca\"},{\"@type\":\"Organization\",\"@id\":\"https:\/\/annazaragoza.com\/ca\/#organization\",\"name\":\"Anna Zaragoza\",\"url\":\"https:\/\/annazaragoza.com\/ca\/\",\"logo\":{\"@type\":\"ImageObject\",\"inLanguage\":\"ca\",\"@id\":\"https:\/\/annazaragoza.com\/ca\/#\/schema\/logo\/image\/\",\"url\":\"https:\/\/annazaragoza.com\/wp-content\/uploads\/2022\/07\/cropped-favicon.png\",\"contentUrl\":\"https:\/\/annazaragoza.com\/wp-content\/uploads\/2022\/07\/cropped-favicon.png\",\"width\":512,\"height\":512,\"caption\":\"Anna Zaragoza\"},\"image\":{\"@id\":\"https:\/\/annazaragoza.com\/ca\/#\/schema\/logo\/image\/\"}}]}<\/script>\n<!-- \/ Yoast SEO plugin. -->","yoast_head_json":{"title":"Nota legal - Anna Zaragoza","robots":{"index":"index","follow":"follow","max-snippet":"max-snippet:-1","max-image-preview":"max-image-preview:large","max-video-preview":"max-video-preview:-1"},"canonical":"https:\/\/annazaragoza.com\/ca\/nota-legal\/","og_locale":"ca_ES","og_type":"article","og_title":"Nota legal - Anna Zaragoza","og_description":"Dades fiscals Titular: Anna Zaragoza SL NIF: B67947291 Adre\u00e7a: Via Augusta 48, Entl. 6a 08006 \u2014 Barcelona Tel\u00e8fon:&nbsp;935 32 55 95 Inscrita en el Registre Mercantil de BARCELONA Tom: 48269, Foli: 125, Secci\u00f3: 8, Fulla: 578151, Inscripci\u00f3: 1. Protecci\u00f3 de dades personals Les dades de car\u00e0cter personal que es recullen a trav\u00e9s de la p\u00e0gina [&hellip;]","og_url":"https:\/\/annazaragoza.com\/ca\/nota-legal\/","og_site_name":"Anna Zaragoza","article_modified_time":"2022-09-01T06:50:27+00:00","twitter_card":"summary_large_image","twitter_misc":{"Temps estimat de lectura":"1 minut"},"schema":{"@context":"https:\/\/schema.org","@graph":[{"@type":"WebPage","@id":"https:\/\/annazaragoza.com\/ca\/nota-legal\/","url":"https:\/\/annazaragoza.com\/ca\/nota-legal\/","name":"Nota legal - Anna Zaragoza","isPartOf":{"@id":"https:\/\/annazaragoza.com\/ca\/#website"},"datePublished":"2022-07-27T13:09:50+00:00","dateModified":"2022-09-01T06:50:27+00:00","breadcrumb":{"@id":"https:\/\/annazaragoza.com\/ca\/nota-legal\/#breadcrumb"},"inLanguage":"ca","potentialAction":[{"@type":"ReadAction","target":["https:\/\/annazaragoza.com\/ca\/nota-legal\/"]}]},{"@type":"BreadcrumbList","@id":"https:\/\/annazaragoza.com\/ca\/nota-legal\/#breadcrumb","itemListElement":[{"@type":"ListItem","position":1,"name":"Portada","item":"https:\/\/annazaragoza.com\/ca\/"},{"@type":"ListItem","position":2,"name":"Nota legal"}]},{"@type":"WebSite","@id":"https:\/\/annazaragoza.com\/ca\/#website","url":"https:\/\/annazaragoza.com\/ca\/","name":"Anna Zaragoza","description":"Anna Zaragoza abogada en Barcelona","publisher":{"@id":"https:\/\/annazaragoza.com\/ca\/#organization"},"potentialAction":[{"@type":"SearchAction","target":{"@type":"EntryPoint","urlTemplate":"https:\/\/annazaragoza.com\/ca\/?s={search_term_string}"},"query-input":{"@type":"PropertyValueSpecification","valueRequired":true,"valueName":"search_term_string"}}],"inLanguage":"ca"},{"@type":"Organization","@id":"https:\/\/annazaragoza.com\/ca\/#organization","name":"Anna Zaragoza","url":"https:\/\/annazaragoza.com\/ca\/","logo":{"@type":"ImageObject","inLanguage":"ca","@id":"https:\/\/annazaragoza.com\/ca\/#\/schema\/logo\/image\/","url":"https:\/\/annazaragoza.com\/wp-content\/uploads\/2022\/07\/cropped-favicon.png","contentUrl":"https:\/\/annazaragoza.com\/wp-content\/uploads\/2022\/07\/cropped-favicon.png","width":512,"height":512,"caption":"Anna Zaragoza"},"image":{"@id":"https:\/\/annazaragoza.com\/ca\/#\/schema\/logo\/image\/"}}]}},"_links":{"self":[{"href":"https:\/\/annazaragoza.com\/ca\/wp-json\/wp\/v2\/pages\/252","targetHints":{"allow":["GET"]}}],"collection":[{"href":"https:\/\/annazaragoza.com\/ca\/wp-json\/wp\/v2\/pages"}],"about":[{"href":"https:\/\/annazaragoza.com\/ca\/wp-json\/wp\/v2\/types\/page"}],"author":[{"embeddable":true,"href":"https:\/\/annazaragoza.com\/ca\/wp-json\/wp\/v2\/users\/2"}],"replies":[{"embeddable":true,"href":"https:\/\/annazaragoza.com\/ca\/wp-json\/wp\/v2\/comments?post=252"}],"version-history":[{"count":3,"href":"https:\/\/annazaragoza.com\/ca\/wp-json\/wp\/v2\/pages\/252\/revisions"}],"predecessor-version":[{"id":438,"href":"https:\/\/annazaragoza.com\/ca\/wp-json\/wp\/v2\/pages\/252\/revisions\/438"}],"wp:attachment":[{"href":"https:\/\/annazaragoza.com\/ca\/wp-json\/wp\/v2\/media?parent=252"}],"curies":[{"name":"wp","href":"https:\/\/api.w.org\/{rel}","templated":true}]}}